{"id":93,"date":"2022-08-05T14:30:16","date_gmt":"2022-08-05T12:30:16","guid":{"rendered":"http:\/\/osteopathe-veterinaire-paimpol.fr\/?page_id=93"},"modified":"2022-08-31T18:33:35","modified_gmt":"2022-08-31T16:33:35","slug":"la-clinique","status":"publish","type":"page","link":"https:\/\/osteopathe-veterinaire-paimpol.fr\/index.php\/la-clinique\/","title":{"rendered":"La clinique"},"content":{"rendered":"<div class=\"post-content\">\n<p>Le Dr Colmant, v\u00e9t\u00e9rinaire ost\u00e9opathe \u00e0 Paimpol, vous accueille dans son cabinet du lundi au samedi \u00e0 Paimpol.<\/p>\n\n\n\n<h3 class=\"has-text-color wp-block-heading\" style=\"color:#1485c6\">Nous pratiquons des soins v\u00e9t\u00e9rinaires traditionnelles mais aussi compl\u00e9mentaire avec l&rsquo;ost\u00e9opathie <\/h3>\n\n\n\n<p><strong>L&rsquo;ost\u00e9opathie<\/strong> est une&nbsp;m\u00e9decine holistique, elle s&rsquo;int\u00e9resse \u00e0 l&rsquo;animal dans sa globalit\u00e9 et pas uniquement aux sympt\u00f4mes pr\u00e9sent\u00e9s. ll s&rsquo;agit d&rsquo;une&nbsp;m\u00e9decine compl\u00e9mentaire&nbsp;de la m\u00e9decine traditionnelle. C&rsquo;est pourquoi il est n\u00e9cessaire d&rsquo;apporter le dossier m\u00e9dical de votre animal avec les \u00e9ventuelles radiographies, les analyses de sang et les prescriptions r\u00e9alis\u00e9es par votre v\u00e9t\u00e9rinaire traitant.<\/p>\n\n\n\n<h3 class=\"has-text-color wp-block-heading\" style=\"color:#1485c6\">Les + de la clinique<\/h3>\n\n\n\n<p>Le cabinet est equip\u00e9 d\u2019un laser th\u00e9rapeutique de derni\u00e8re g\u00e9n\u00e9ration.<br>Il s\u2019agit d\u2019un outil non invasif qui permet de traiter les pathologies douloureuses chroniques ou aigu\u00ebs, d\u2018am\u00e9liorer la douleur de vos animaux et donc leur bien-\u00eatre.<\/p>\n\n\n\n<p>La th\u00e9rapie laser utilise la lumi\u00e8re infrarouge pour traverser les tissus et agir sur les cellules afin d\u2019en am\u00e9liorer les processus de r\u00e9g\u00e9n\u00e9ration. Cela permet de r\u00e9duire l\u2018inflammation, les oed\u00e8mes, les contractures musculaires, la douleur et optimise la cicatrisation.<\/p>\n\n\n\n<h3 class=\"has-text-color wp-block-heading\" style=\"color:#1485c6\">Nous nous occupons de tous vos animaux<\/h3>\n\n\n\n<p>Vos animaux de compagnie (chiens, chats) et vos \u00e9quid\u00e9s (chevaux).<\/p>\n<\/div>","protected":false},"excerpt":{"rendered":"<p>Le Dr Colmant, v\u00e9t\u00e9rinaire ost\u00e9opathe \u00e0 Paimpol, vous accueille dans<a href=\"https:\/\/osteopathe-veterinaire-paimpol.fr\/index.php\/la-clinique\/\">Lire plus<i class=\"fa fa-long-arrow-right\" aria-hidden=\"true\"><\/i><\/a><\/p>\n","protected":false},"author":1,"featured_media":133,"parent":0,"menu_order":0,"comment_status":"closed","ping_status":"closed","template":"","meta":{"footnotes":""},"class_list":["post-93","page","type-page","status-publish","has-post-thumbnail","hentry"],"_links":{"self":[{"href":"https:\/\/osteopathe-veterinaire-paimpol.fr\/index.php\/wp-json\/wp\/v2\/pages\/93","targetHints":{"allow":["GET"]}}],"collection":[{"href":"https:\/\/osteopathe-veterinaire-paimpol.fr\/index.php\/wp-json\/wp\/v2\/pages"}],"about":[{"href":"https:\/\/osteopathe-veterinaire-paimpol.fr\/index.php\/wp-json\/wp\/v2\/types\/page"}],"author":[{"embeddable":true,"href":"https:\/\/osteopathe-veterinaire-paimpol.fr\/index.php\/wp-json\/wp\/v2\/users\/1"}],"replies":[{"embeddable":true,"href":"https:\/\/osteopathe-veterinaire-paimpol.fr\/index.php\/wp-json\/wp\/v2\/comments?post=93"}],"version-history":[{"count":11,"href":"https:\/\/osteopathe-veterinaire-paimpol.fr\/index.php\/wp-json\/wp\/v2\/pages\/93\/revisions"}],"predecessor-version":[{"id":169,"href":"https:\/\/osteopathe-veterinaire-paimpol.fr\/index.php\/wp-json\/wp\/v2\/pages\/93\/revisions\/169"}],"wp:featuredmedia":[{"embeddable":true,"href":"https:\/\/osteopathe-veterinaire-paimpol.fr\/index.php\/wp-json\/wp\/v2\/media\/133"}],"wp:attachment":[{"href":"https:\/\/osteopathe-veterinaire-paimpol.fr\/index.php\/wp-json\/wp\/v2\/media?parent=93"}],"curies":[{"name":"wp","href":"https:\/\/api.w.org\/{rel}","templated":true}]}}