{"id":112,"date":"2022-08-08T11:30:08","date_gmt":"2022-08-08T09:30:08","guid":{"rendered":"http:\/\/osteopathe-veterinaire-paimpol.fr\/?page_id=112"},"modified":"2022-08-31T19:06:57","modified_gmt":"2022-08-31T17:06:57","slug":"nos-equipements","status":"publish","type":"page","link":"https:\/\/osteopathe-veterinaire-paimpol.fr\/index.php\/nos-equipements\/","title":{"rendered":"Nos \u00e9quipements"},"content":{"rendered":"<div class=\"post-content\">\n<h3 class=\"wp-block-heading\">Radiologie<\/h3>\n\n\n\n<p>Le cabinet est \u00e9quip\u00e9 d&rsquo;appareils de radiographie.<\/p>\n\n\n\n<h3 class=\"wp-block-heading\">\u00c9chographie<\/h3>\n\n\n\n<p>Nous poss\u00e9dons un appareil d&rsquo;\u00e9chographie.<\/p>\n\n\n\n<h3 class=\"wp-block-heading\">Monitoring de suivi de l&rsquo;anesth\u00e9sie<\/h3>\n\n\n\n<p>La clinique est \u00e9quip\u00e9e d\u2019un monitoring de surveillance de l&rsquo;anesth\u00e9sie.<\/p>\n\n\n\n<h3 class=\"wp-block-heading\">Th\u00e9rapie laser<\/h3>\n\n\n\n<p>Le cabinet est \u00e9quip\u00e9 pour de la th\u00e9rapie laser.&nbsp;<\/p>\n\n\n\n<h3 class=\"wp-block-heading\"><small><\/small>Hospitalisation<\/h3>\n\n\n\n<p>La clinique est adapt\u00e9e pour l&rsquo;hospitalisation des chats et chiens, des animaux contagieux, et pour l&rsquo;oxyg\u00e9noth\u00e9rapie.<\/p>\n\n\n\n<h3 class=\"wp-block-heading\">Laboratoire d&rsquo;Analyses<\/h3>\n\n\n\n<p>La clinique v\u00e9t\u00e9rinaire ost\u00e9opathe dispose d&rsquo;un laboratoire d&rsquo;analyse :&nbsp;<\/p>\n\n\n\n<ul class=\"wp-block-list\"><li>H\u00e9matologie<\/li><li>Biochimie<\/li><li>Parasitologie<\/li><li>Analyse d\u2019urines<\/li><li>Test de d\u00e9pistages rapide de certaines maladies<\/li><li>Hormonologie<\/li><\/ul>\n\n\n\n<h3 class=\"wp-block-heading\">Ost\u00e9opathie<\/h3>\n\n\n\n<p>Le cabinet propose des soins en ost\u00e9opathie.<\/p>\n<\/div>","protected":false},"excerpt":{"rendered":"<p>Radiologie Le cabinet est \u00e9quip\u00e9 d&rsquo;appareils de radiographie. \u00c9chographie Nous<a href=\"https:\/\/osteopathe-veterinaire-paimpol.fr\/index.php\/nos-equipements\/\">Lire plus<i class=\"fa fa-long-arrow-right\" aria-hidden=\"true\"><\/i><\/a><\/p>\n","protected":false},"author":1,"featured_media":0,"parent":0,"menu_order":0,"comment_status":"closed","ping_status":"closed","template":"","meta":{"footnotes":""},"class_list":["post-112","page","type-page","status-publish","hentry"],"_links":{"self":[{"href":"https:\/\/osteopathe-veterinaire-paimpol.fr\/index.php\/wp-json\/wp\/v2\/pages\/112","targetHints":{"allow":["GET"]}}],"collection":[{"href":"https:\/\/osteopathe-veterinaire-paimpol.fr\/index.php\/wp-json\/wp\/v2\/pages"}],"about":[{"href":"https:\/\/osteopathe-veterinaire-paimpol.fr\/index.php\/wp-json\/wp\/v2\/types\/page"}],"author":[{"embeddable":true,"href":"https:\/\/osteopathe-veterinaire-paimpol.fr\/index.php\/wp-json\/wp\/v2\/users\/1"}],"replies":[{"embeddable":true,"href":"https:\/\/osteopathe-veterinaire-paimpol.fr\/index.php\/wp-json\/wp\/v2\/comments?post=112"}],"version-history":[{"count":8,"href":"https:\/\/osteopathe-veterinaire-paimpol.fr\/index.php\/wp-json\/wp\/v2\/pages\/112\/revisions"}],"predecessor-version":[{"id":176,"href":"https:\/\/osteopathe-veterinaire-paimpol.fr\/index.php\/wp-json\/wp\/v2\/pages\/112\/revisions\/176"}],"wp:attachment":[{"href":"https:\/\/osteopathe-veterinaire-paimpol.fr\/index.php\/wp-json\/wp\/v2\/media?parent=112"}],"curies":[{"name":"wp","href":"https:\/\/api.w.org\/{rel}","templated":true}]}}