{"id":104,"date":"2022-08-08T11:15:41","date_gmt":"2022-08-08T09:15:41","guid":{"rendered":"http:\/\/osteopathe-veterinaire-paimpol.fr\/?page_id=104"},"modified":"2022-08-08T11:15:42","modified_gmt":"2022-08-08T09:15:42","slug":"mentions-legales","status":"publish","type":"page","link":"https:\/\/osteopathe-veterinaire-paimpol.fr\/index.php\/mentions-legales\/","title":{"rendered":"Mentions l\u00e9gales"},"content":{"rendered":"<div class=\"post-content\">\n<h2 class=\"wp-block-heading\">Informations l\u00e9gales<\/h2>\n\n\n\n<h3 class=\"wp-block-heading\">1. Pr\u00e9sentation du site.<\/h3>\n\n\n\n<p>Conform\u00e9ment aux dispositions de l\u2019article 6 de la loi n\u00b0 2004-575 du 21 juin 2004 pour la confiance dans l\u2019\u00e9conomie num\u00e9rique, nous vous informons que le site internet <a href=\"https:\/\/www.veterinaire-osteopathe-paimpol.fr\">https:\/\/www.veterinaire-osteopathe-paimpol.fr<\/a> est \u00e9dit\u00e9 par : EI Didier Colmant \u2013 SIRET : 41758703700058<\/p>\n\n\n\n<p><strong>Si\u00e8ge social<\/strong>\u00a0: Clinique V\u00e9t\u00e9rinaire du Dr Didier Colmant &#8211; 8 Rue de Penvern, 22500 PAIMPOL &#8211; 06 70 45 01 22<br><strong>Cr\u00e9ateur<\/strong>\u00a0<strong>du site <\/strong>:\u00a0<a href=\"http:\/\/www.imayacreation.com\" data-type=\"URL\" data-id=\"www.imayacreation.com\">Imaya Cr\u00e9ation<\/a> &#8211; contact@imayacreation.com &#8211; SIRET : 82485313900023<br><strong>H\u00e9bergeur<\/strong>\u00a0: Le site www.veterinaire-osteopathe-paimpol.fr est h\u00e9berg\u00e9 par OVH, 2 rue Kellermann \u2013 BP 80157 59053 ROUBAIX CEDEX 1, France &#8211; https:\/\/www.ovhcloud.com\/fr\/<br><strong>Cr\u00e9dits<\/strong> : Imaya Cr\u00e9ation : Cr\u00e9ation web &#8211; Didier Colmant : Photographie et r\u00e9daction<\/p>\n\n\n\n<h3 class=\"wp-block-heading\">2. Services propos\u00e9s.<\/h3>\n\n\n\n<p>Ce site est accessible \u00e0 tout moment aux utilisateurs. Une interruption pour raison de maintenance technique peut \u00eatre toutefois d\u00e9cid\u00e9e par Clinique V\u00e9t\u00e9rinaire Ost\u00e9opathe de Paimpol, qui s\u2019efforcera alors de communiquer pr\u00e9alablement aux utilisateurs les dates et heures de l\u2019intervention.<\/p>\n\n\n\n<p>Le site\u00a0est mis \u00e0 jour r\u00e9guli\u00e8rement par Dr Colmant Didier. De la m\u00eame fa\u00e7on, les mentions l\u00e9gales peuvent \u00eatre modifi\u00e9es \u00e0 tout moment : l\u2019utilisateur est invit\u00e9 \u00e0 s\u2019y r\u00e9f\u00e9rer le plus souvent possible afin d\u2019en prendre connaissance.<\/p>\n\n\n\n<h3 class=\"wp-block-heading\">3. Description des services fournis.<\/h3>\n\n\n\n<p>Le site\u00a0<a href=\"https:\/\/www.veterinaire-osteopathe-paimpol.fr\">https:\/\/www.veterinaire-osteopathe-paimpol.fr<\/a>\u00a0a pour objet de fournir une information concernant l\u2019ensemble des activit\u00e9s de la soci\u00e9t\u00e9.<\/p>\n\n\n\n<p>La Clinique V\u00e9t\u00e9rinaire Ost\u00e9opathe de Paimpol s\u2019efforce de fournir sur le site\u00a0des informations aussi pr\u00e9cises que possible. Toutefois, il ne pourra \u00eatre tenue responsable des omissions, des inexactitudes et des carences dans la mise \u00e0 jour.<\/p>\n\n\n\n<p>Toutes les informations indiqu\u00e9es sur le site\u00a0<a href=\"https:\/\/www.veterinaire-osteopathe-paimpol.fr\">https:\/\/www.veterinaire-osteopathe-paimpol.fr<\/a>\u00a0sont donn\u00e9es \u00e0 titre indicatif, et sont susceptibles d\u2019\u00e9voluer. Par ailleurs, les renseignements figurant sur le site\u00a0ne sont pas exhaustifs. Ils sont donn\u00e9s sous r\u00e9serve de modifications ayant \u00e9t\u00e9 apport\u00e9es depuis leur mise en ligne.<\/p>\n\n\n\n<h3 class=\"wp-block-heading\">4. Propri\u00e9t\u00e9 intellectuelle et contrefa\u00e7ons.<\/h3>\n\n\n\n<p>La Clinique V\u00e9t\u00e9rinaire Ost\u00e9opathe de Paimpol est propri\u00e9taire des droits de propri\u00e9t\u00e9 intellectuelle ou d\u00e9tient les droits d\u2019usage sur tous les \u00e9l\u00e9ments accessibles sur le site, notamment les textes, images, graphismes, logo, ic\u00f4nes, sons, logiciels.<\/p>\n\n\n\n<p>Toute reproduction, repr\u00e9sentation, modification, publication, adaptation de tout ou partie des \u00e9l\u00e9ments du site, quel que soit le moyen ou le proc\u00e9d\u00e9 utilis\u00e9, est interdite, sauf autorisation \u00e9crite pr\u00e9alable de : Clinique V\u00e9t\u00e9rinaire Ost\u00e9opathe de Paimpol.<\/p>\n\n\n\n<p>Toute exploitation non autoris\u00e9e du site ou de l\u2019un quelconque des \u00e9l\u00e9ments qu\u2019il contient sera consid\u00e9r\u00e9e comme constitutive d\u2019une contrefa\u00e7on et poursuivie conform\u00e9ment aux dispositions des articles L.335-2 et suivants du Code de Propri\u00e9t\u00e9 Intellectuelle.<\/p>\n\n\n\n<h3 class=\"wp-block-heading\">9. Droit applicable et attribution de juridiction.<\/h3>\n\n\n\n<p>Tout litige en relation avec l\u2019utilisation du site\u00a0<a href=\"https:\/\/www.veterinaire-osteopathe-paimpol.fr\">https:\/\/www.veterinaire-osteopathe-paimpol.fr<\/a> est soumis au droit fran\u00e7ais. Il est fait attribution exclusive de juridiction aux tribunaux comp\u00e9tents de Paris.<\/p>\n<\/div>","protected":false},"excerpt":{"rendered":"<p>Informations l\u00e9gales 1. Pr\u00e9sentation du site. Conform\u00e9ment aux dispositions de<a href=\"https:\/\/osteopathe-veterinaire-paimpol.fr\/index.php\/mentions-legales\/\">Lire plus<i class=\"fa fa-long-arrow-right\" aria-hidden=\"true\"><\/i><\/a><\/p>\n","protected":false},"author":1,"featured_media":0,"parent":0,"menu_order":0,"comment_status":"closed","ping_status":"closed","template":"","meta":{"footnotes":""},"class_list":["post-104","page","type-page","status-publish","hentry"],"_links":{"self":[{"href":"https:\/\/osteopathe-veterinaire-paimpol.fr\/index.php\/wp-json\/wp\/v2\/pages\/104","targetHints":{"allow":["GET"]}}],"collection":[{"href":"https:\/\/osteopathe-veterinaire-paimpol.fr\/index.php\/wp-json\/wp\/v2\/pages"}],"about":[{"href":"https:\/\/osteopathe-veterinaire-paimpol.fr\/index.php\/wp-json\/wp\/v2\/types\/page"}],"author":[{"embeddable":true,"href":"https:\/\/osteopathe-veterinaire-paimpol.fr\/index.php\/wp-json\/wp\/v2\/users\/1"}],"replies":[{"embeddable":true,"href":"https:\/\/osteopathe-veterinaire-paimpol.fr\/index.php\/wp-json\/wp\/v2\/comments?post=104"}],"version-history":[{"count":1,"href":"https:\/\/osteopathe-veterinaire-paimpol.fr\/index.php\/wp-json\/wp\/v2\/pages\/104\/revisions"}],"predecessor-version":[{"id":105,"href":"https:\/\/osteopathe-veterinaire-paimpol.fr\/index.php\/wp-json\/wp\/v2\/pages\/104\/revisions\/105"}],"wp:attachment":[{"href":"https:\/\/osteopathe-veterinaire-paimpol.fr\/index.php\/wp-json\/wp\/v2\/media?parent=104"}],"curies":[{"name":"wp","href":"https:\/\/api.w.org\/{rel}","templated":true}]}}